{"id":212,"date":"2017-04-13T09:42:47","date_gmt":"2017-04-13T07:42:47","guid":{"rendered":"http:\/\/tonigbar.it\/?page_id=212"},"modified":"2026-03-30T21:16:40","modified_gmt":"2026-03-30T19:16:40","slug":"startseite","status":"publish","type":"page","link":"https:\/\/tonigbar.it\/it\/","title":{"rendered":"Home"},"content":{"rendered":"<div id=\"mcw_full_page\"><div class=\"wpb-content-wrapper\"><p>[vc_row mcw_fp_anchor=&#8221;Ambiente&#8221; mcw_fp_tooltip=&#8221;Home&#8221; mcw_fp_column_slide=&#8221;true&#8221;][vc_column][vc_row_inner][vc_column_inner][vc_raw_html]JTNDZGl2JTIwY2xhc3MlM0QlMjJpbmhhbHQtaG9sZGVyJTIyJTNFJTBBJTNDZGl2JTIwY2xhc3MlM0QlMjJpbmhhbHQtaWNvbiUyMiUzRSUzQyUyRmRpdiUzRSUwQSUzQ2RpdiUyMGNsYXNzJTNEJTIyaW5oYWx0JTIyJTNFJTBBJTNDaDElM0VDYWZlJTIwVG9uaWclMjBCYXIlM0MlMkZoMSUzRSUwQSUzQ2gzJTNFRU5UUkFSRSUyMEUlMjBTRU5USVJTSSUyMEElMjBQUk9QUklPJTIwQUdJTy4lM0MlMkZoMyUzRSUwQSUzQ3AlM0VJbCUyMG5vc3RybyUyMHRlYW0lMjBjaSUyMHRpZW5lJTIwaW4lMjBtb2RvJTIwcGFydGljb2xhcmUlMjBhZmZpbmNoJUMzJUE5JTIwb2duaSUyMG9zcGl0ZSUyQyUyMGdpb3ZhbmUlMjBvJTIwYW56aWFubyUyQyUyMHNpJTIwc2VudGElMjBhJTIwcHJvcHJpbyUyMGFnaW8lMjBjb24lMjBub2kuJTNDJTJGcCUzRSUyMCUwOSUwQSUzQyUyRmRpdiUzRSUwQSUzQyUyRmRpdiUzRQ==[\/vc_raw_html][\/vc_column_inner][\/vc_row_inner][rev_slider_vc alias=&#8221;startseite&#8221;][\/vc_column][\/vc_row][vc_row mcw_fp_anchor=&#8221;Bar&#8221; mcw_fp_tooltip=&#8221;Bar&#8221;][vc_column][vc_raw_html]JTNDZGl2JTIwY2xhc3MlM0QlMjJpbmhhbHQtaG9sZGVyJTIyJTNFJTBBJTNDZGl2JTIwY2xhc3MlM0QlMjJpbmhhbHQtaWNvbiUyMiUzRSUzQyUyRmRpdiUzRSUwQSUzQ2RpdiUyMGNsYXNzJTNEJTIyaW5oYWx0JTIyJTNFJTBBJTNDaDIlM0VCYXIlM0MlMkZoMiUzRSUwQSUzQ2gzJTNFQUNDT01PREFSU0klMjBFJTIwUklMQVNTQVJTSSUzQyUyRmgzJTNFJTBBJTNDcCUzRUd1c3RhcnNpJTIwdW4lMjBwaWFjZXZvbGUlMjBpbml6aW8lMjBkaSUyMGdpb3JuYXRhJTIwY29uJTIwdW5hJTIwcmljY2ElMjBjb2xhemlvbmUlMkMlMjBnb2RlcnNpJTIwdW4lMjBkZWxpemlvc28lMjBnZWxhdG8lMjBuZWwlMjBub3N0cm8lMjBvcmlnaW5hbGUlMjBnaWFyZGlubyUyQyUyMHJpcG9zYXJzaSUyMGRvcG8lMjB1biVFMiU4MCU5OWVzY3Vyc2lvbmUlMjBsdW5nbyUyMGlsJTIwc2VudGllcm8lMjBkZWxsZSUyMGNhc3RhZ25lJTIwaW4lMjBjb21wYWduaWElMjBkaSUyMHVuYSUyMHRpcGljYSUyMG1lcmVuZGElMjBzdWR0aXJvbGVzZSUyMG8lMjBhc3NhZ2dpYXJlJTIwdW4lMjBnb2NjaW8lMjBkaSUyMHF1ZWxsbyUyMGJ1b25vJTIwbmVsbGElMjBub3N0cmElMjBhY2NvZ2xpZW50ZSUyMHN0dWJlLiUyMFF1aSUyMGMlRTIlODAlOTklQzMlQTglMjB1biUyMHBvc3RpY2lubyUyMHBlciUyMHR1dHRpLiUzQyUyRnAlM0UlMjAlMDklMEElM0MlMkZkaXYlM0UlMEElM0MlMkZkaXYlM0U=[\/vc_raw_html][rev_slider_vc alias=&#8221;bar&#8221;][\/vc_column][\/vc_row][vc_row mcw_fp_anchor=&#8221;Eis&#8221; mcw_fp_tooltip=&#8221;Gelati&#8221;][vc_column][vc_raw_html]JTNDZGl2JTIwY2xhc3MlM0QlMjJpbmhhbHQtaG9sZGVyJTIyJTNFJTBBJTNDZGl2JTIwY2xhc3MlM0QlMjJpbmhhbHQtaWNvbiUyMiUzRSUzQyUyRmRpdiUzRSUwQSUzQ2RpdiUyMGNsYXNzJTNEJTIyaW5oYWx0JTIyJTNFJTBBJTNDaDIlM0VHZWxhdGklM0MlMkZoMiUzRSUwQSUzQ2gzJTNFUElBQ0VSRSUyMFVOSUNPJTIwQUQlMjBBTFRJU1NJTU8lMjBMSVZFTExPJTNDJTJGaDMlM0UlMEElM0NwJTNFSW4lMjBlc3RhdGUlMkMlMjBvZmZyaWFtbyUyMGFpJTIwbm9zdHJpJTIwb3NwaXRpJTIwdW5hJTIwdmFzdGElMjBnYW1tYSUyMGRpJTIwY3JlYXppb25pJTIwZGklMjBnZWxhdG8uJTIwUGVyJTIwcmVuZGVyZSUyMGxlJTIwbm9zdHJlJTIwY29wcGUlMjBnZWxhdG8lMjB1biUyMHBpYWNlcmUlMjBzcGVjaWFsZSUyQyUyMHByZXBhcmlhbW8lMjBvZ251bmElMjBjb24lMjBtb2x0YSUyMHBhc3Npb25lJTIwdXRpbGl6emFuZG8lMjBxdWFzaSUyMGVzY2x1c2l2YW1lbnRlJTIwcHJvZG90dGklMjByZWdpb25hbGklMjBlJTIwc3RhZ2lvbmFsaSUyMGRpJTIwYWx0aXNzaW1hJTIwcXVhbGl0JUMzJUEwLiUzQyUyRnAlM0UlMjAlMDklMEElM0MlMkZkaXYlM0UlMEElM0MlMkZkaXYlM0U=[\/vc_raw_html][rev_slider_vc alias=&#8221;eis&#8221;][\/vc_column][\/vc_row][vc_row full_height=&#8221;yes&#8221; mcw_fp_anchor=&#8221;Events&#8221; mcw_fp_tooltip=&#8221;Eventi&#8221; css=&#8221;.vc_custom_1492122686939{background-image: url(http:\/\/tonig.fritzmedia.it\/wp-content\/uploads\/2017\/01\/2Q7A0244.jpg?id=130) !important;}&#8221;][vc_column][vc_raw_html]JTNDZGl2JTIwY2xhc3MlM0QlMjJjb250ZW50LWV2ZW50cyUyMiUzRSUwQSUzQ2RpdiUyMGNsYXNzJTNEJTIyZXZlbnRzJTIyJTNFJTBBJTBBJTNDJTJGZGl2JTNFJTBBJTNDJTJGZGl2JTNFJTBBJTNDZGl2JTIwY2xhc3MlM0QlMjJpbmhhbHQtaG9sZGVyJTIyJTNFJTBBJTNDZGl2JTIwY2xhc3MlM0QlMjJpbmhhbHQtaWNvbiUyMiUzRSUzQyUyRmRpdiUzRSUwQSUzQ2RpdiUyMGNsYXNzJTNEJTIyaW5oYWx0JTIyJTNFJTBBJTNDaDIlM0VFdmVudGklM0MlMkZoMiUzRSUwQSUzQ2gzJTNFQkVWQU5ERSUyMEZSRVNDSEUlMjBFJTIwTVVTSUNBJTIwRCVFMiU4MCU5OUFUTU9TRkVSQSUzQyUyRmgzJTNFJTBBJTNDcCUzRUklMjBub3N0cmklMjBudW1lcm9zaSUyMGV2ZW50aSUyMG9mZnJvbm8lMjBsJUUyJTgwJTk5b3Bwb3J0dW5pdCVDMyVBMCUyMGRpJTIwZXZhZGVyZSUyMGRhbGxhJTIwcXVvdGlkaWFuaXQlQzMlQTAlMjB0cm92YW5kbyUyMHVuJTIwcG8lRTIlODAlOTklMjBkaSUyMGRpc3RyYXppb25lLiUyMEluJTIwYWdvc3RvJTJDJTIwcG90cmV0ZSUyMGFzY29sdGFyZSUyMGxhJTIwbXVzaWNhJTIwZGVpJTIwZ3J1cHBpJTIwbG9jYWxpJTIwZHVyYW50ZSUyMGxlJTIwbm9zdHJlJTIwZmlhY2NvbGF0ZSUyMG5vdHR1cm5lJTIwZSUyMGluJTIwaW52ZXJubyUyMGFuZGFyZSUyMGluY29udHJvJTIwYWxsbyUyMHNwaXJpdG8lMjBuYXRhbGl6aW8lMjBjb24lMjB1biUyMHZpbiUyMGJydWwlQzMlQTklMjBmYXR0byUyMGluJTIwY2FzYSUyMG9wcHVyZSUyMGZlc3RlZ2dpYXJlJTIwQ2Fwb2Rhbm5vJTIwaW5zaWVtZSUyMGElMjBub2kuJTNDJTJGcCUzRSUyMCUwOSUwQSUzQyUyRmRpdiUzRSUwQSUzQyUyRmRpdiUzRQ==[\/vc_raw_html][\/vc_column][\/vc_row][vc_row mcw_fp_anchor=&#8221;Catering&#8221; mcw_fp_tooltip=&#8221;Ristorazione&#8221;][vc_column][vc_raw_html]JTNDZGl2JTIwY2xhc3MlM0QlMjJpbmhhbHQtaG9sZGVyJTIyJTNFJTBBJTNDZGl2JTIwY2xhc3MlM0QlMjJpbmhhbHQtaWNvbiUyMiUzRSUzQyUyRmRpdiUzRSUwQSUzQ2RpdiUyMGNsYXNzJTNEJTIyaW5oYWx0JTIyJTNFJTBBJTNDaDIlM0VSaXN0b3JhemlvbmUlM0MlMkZoMiUzRSUwQSUzQ2gzJTNFRkVTVEVHR0lBUkUlMjBJTlNJRU1FJTNDJTJGaDMlM0UlMEElM0NwJTNFQ2klMjBzb25vJTIwbW9tZW50aSUyMG5lbGxhJTIwdml0YSUyMGNoZSUyMGRvdnJlYmJlcm8lMjBlc3NlcmUlMjBjZWxlYnJhdGklMjBpbiUyMG1vZG8lMjBhZGVndWF0by4lMjBOb24lMjBpbXBvcnRhJTIwc2UlMjBzaSUyMHRyYXR0YSUyMGRpJTIwbWF0cmltb25pbyUyQyUyMGNvbXBsZWFubm8lMkMlMjBmZXN0YSUyMGF6aWVuZGFsZSUyMG8lMjBiYXR0ZXNpbW8lMkMlMjBpbCUyMG5vc3RybyUyMHRlYW0lMjBmYXIlQzMlQTAlMjBkZWwlMjBzdW8lMjBtZWdsaW8lMjBwZXIlMjB0cmFzZm9ybWFyZSUyMGlsJTIwdm9zdHJvJTIwZXZlbnRvJTIwaW4lMjB1biVFMiU4MCU5OWVzcGVyaWVuemElMjBpbmRpbWVudGljYWJpbGUlMkMlMjBzY2VnbGllbmRvJTIwaWwlMjBsdW9nbyUyMGFkYXR0byUyMGNvbiUyMGFtb3Jldm9sZSUyMHNlbnNvJTIwcGVyJTIwaSUyMGRldHRhZ2xpJTIwZSUyMGdyYW5kZSUyMGdpb2lhJTIwZGVsJTIwdm9zdHJvJTIwcGFsYXRvLiUzQyUyRnAlM0UlMjAlMDklMEElM0MlMkZkaXYlM0UlMEElM0MlMkZkaXYlM0U=[\/vc_raw_html][rev_slider_vc alias=&#8221;catering&#8221;][\/vc_column][\/vc_row][vc_row full_width=&#8221;stretch_row&#8221; mcw_fp_auto_height=&#8221;on&#8221; mcw_fp_anchor=&#8221;footer&#8221; css=&#8221;.vc_custom_1492113783011{background-color: #544b46 !important;}&#8221;][vc_column][vc_empty_space][vc_row_inner content_placement=&#8221;middle&#8221; el_class=&#8221;footer&#8221;][vc_column_inner width=&#8221;1\/4&#8243;][vc_widget_sidebar sidebar_id=&#8221;sidebar-4&#8243;][\/vc_column_inner][vc_column_inner width=&#8221;1\/4&#8243;][vc_widget_sidebar sidebar_id=&#8221;sidebar-5&#8243;][\/vc_column_inner][vc_column_inner width=&#8221;1\/4&#8243;][vc_widget_sidebar sidebar_id=&#8221;sidebar-6&#8243;][\/vc_column_inner][vc_column_inner width=&#8221;1\/4&#8243;][vc_widget_sidebar sidebar_id=&#8221;sidebar-7&#8243;][\/vc_column_inner][\/vc_row_inner][\/vc_column][\/vc_row]<\/p>\n<\/div><\/div>","protected":false},"excerpt":{"rendered":"<p>[vc_row mcw_fp_anchor=&#8221;Ambiente&#8221; mcw_fp_tooltip=&#8221;Home&#8221; mcw_fp_column_slide=&#8221;true&#8221;][vc_column][vc_row_inner][vc_column_inner][vc_raw_html]JTNDZGl2JTIwY2xhc3MlM0QlMjJpbmhhbHQtaG9sZGVyJTIyJTNFJTBBJTNDZGl2JTIwY2xhc3MlM0QlMjJpbmhhbHQtaWNvbiUyMiUzRSUzQyUyRmRpdiUzRSUwQSUzQ2RpdiUyMGNsYXNzJTNEJTIyaW5oYWx0JTIyJTNFJTBBJTNDaDElM0VDYWZlJTIwVG9uaWclMjBCYXIlM0MlMkZoMSUzRSUwQSUzQ2gzJTNFRU5UUkFSRSUyMEUlMjBTRU5USVJTSSUyMEElMjBQUk9QUklPJTIwQUdJTy4lM0MlMkZoMyUzRSUwQSUzQ3AlM0VJbCUyMG5vc3RybyUyMHRlYW0lMjBjaSUyMHRpZW5lJTIwaW4lMjBtb2RvJTIwcGFydGljb2xhcmUlMjBhZmZpbmNoJUMzJUE5JTIwb2duaSUyMG9zcGl0ZSUyQyUyMGdpb3ZhbmUlMjBvJTIwYW56aWFubyUyQyUyMHNpJTIwc2VudGElMjBhJTIwcHJvcHJpbyUyMGFnaW8lMjBjb24lMjBub2kuJTNDJTJGcCUzRSUyMCUwOSUwQSUzQyUyRmRpdiUzRSUwQSUzQyUyRmRpdiUzRQ==[\/vc_raw_html][\/vc_column_inner][\/vc_row_inner][rev_slider_vc alias=&#8221;startseite&#8221;][\/vc_column][\/vc_row][vc_row mcw_fp_anchor=&#8221;Bar&#8221; mcw_fp_tooltip=&#8221;Bar&#8221;][vc_column][vc_raw_html]JTNDZGl2JTIwY2xhc3MlM0QlMjJpbmhhbHQtaG9sZGVyJTIyJTNFJTBBJTNDZGl2JTIwY2xhc3MlM0QlMjJpbmhhbHQtaWNvbiUyMiUzRSUzQyUyRmRpdiUzRSUwQSUzQ2RpdiUyMGNsYXNzJTNEJTIyaW5oYWx0JTIyJTNFJTBBJTNDaDIlM0VCYXIlM0MlMkZoMiUzRSUwQSUzQ2gzJTNFQUNDT01PREFSU0klMjBFJTIwUklMQVNTQVJTSSUzQyUyRmgzJTNFJTBBJTNDcCUzRUd1c3RhcnNpJTIwdW4lMjBwaWFjZXZvbGUlMjBpbml6aW8lMjBkaSUyMGdpb3JuYXRhJTIwY29uJTIwdW5hJTIwcmljY2ElMjBjb2xhemlvbmUlMkMlMjBnb2RlcnNpJTIwdW4lMjBkZWxpemlvc28lMjBnZWxhdG8lMjBuZWwlMjBub3N0cm8lMjBvcmlnaW5hbGUlMjBnaWFyZGlubyUyQyUyMHJpcG9zYXJzaSUyMGRvcG8lMjB1biVFMiU4MCU5OWVzY3Vyc2lvbmUlMjBsdW5nbyUyMGlsJTIwc2VudGllcm8lMjBkZWxsZSUyMGNhc3RhZ25lJTIwaW4lMjBjb21wYWduaWElMjBkaSUyMHVuYSUyMHRpcGljYSUyMG1lcmVuZGElMjBzdWR0aXJvbGVzZSUyMG8lMjBhc3NhZ2dpYXJlJTIwdW4lMjBnb2NjaW8lMjBkaSUyMHF1ZWxsbyUyMGJ1b25vJTIwbmVsbGElMjBub3N0cmElMjBhY2NvZ2xpZW50ZSUyMHN0dWJlLiUyMFF1aSUyMGMlRTIlODAlOTklQzMlQTglMjB1biUyMHBvc3RpY2lubyUyMHBlciUyMHR1dHRpLiUzQyUyRnAlM0UlMjAlMDklMEElM0MlMkZkaXYlM0UlMEElM0MlMkZkaXYlM0U=[\/vc_raw_html][rev_slider_vc alias=&#8221;bar&#8221;][\/vc_column][\/vc_row][vc_row mcw_fp_anchor=&#8221;Eis&#8221; mcw_fp_tooltip=&#8221;Gelati&#8221;][vc_column][vc_raw_html]JTNDZGl2JTIwY2xhc3MlM0QlMjJpbmhhbHQtaG9sZGVyJTIyJTNFJTBBJTNDZGl2JTIwY2xhc3MlM0QlMjJpbmhhbHQtaWNvbiUyMiUzRSUzQyUyRmRpdiUzRSUwQSUzQ2RpdiUyMGNsYXNzJTNEJTIyaW5oYWx0JTIyJTNFJTBBJTNDaDIlM0VHZWxhdGklM0MlMkZoMiUzRSUwQSUzQ2gzJTNFUElBQ0VSRSUyMFVOSUNPJTIwQUQlMjBBTFRJU1NJTU8lMjBMSVZFTExPJTNDJTJGaDMlM0UlMEElM0NwJTNFSW4lMjBlc3RhdGUlMkMlMjBvZmZyaWFtbyUyMGFpJTIwbm9zdHJpJTIwb3NwaXRpJTIwdW5hJTIwdmFzdGElMjBnYW1tYSUyMGRpJTIwY3JlYXppb25pJTIwZGklMjBnZWxhdG8uJTIwUGVyJTIwcmVuZGVyZSUyMGxlJTIwbm9zdHJlJTIwY29wcGUlMjBnZWxhdG8lMjB1biUyMHBpYWNlcmUlMjBzcGVjaWFsZSUyQyUyMHByZXBhcmlhbW8lMjBvZ251bmElMjBjb24lMjBtb2x0YSUyMHBhc3Npb25lJTIwdXRpbGl6emFuZG8lMjBxdWFzaSUyMGVzY2x1c2l2YW1lbnRlJTIwcHJvZG90dGklMjByZWdpb25hbGklMjBlJTIwc3RhZ2lvbmFsaSUyMGRpJTIwYWx0aXNzaW1hJTIwcXVhbGl0JUMzJUEwLiUzQyUyRnAlM0UlMjAlMDklMEElM0MlMkZkaXYlM0UlMEElM0MlMkZkaXYlM0U=[\/vc_raw_html][rev_slider_vc alias=&#8221;eis&#8221;][\/vc_column][\/vc_row][vc_row full_height=&#8221;yes&#8221; mcw_fp_anchor=&#8221;Events&#8221; mcw_fp_tooltip=&#8221;Eventi&#8221; css=&#8221;.vc_custom_1492122686939{background-image: url(http:\/\/tonig.fritzmedia.it\/wp-content\/uploads\/2017\/01\/2Q7A0244.jpg?id=130) !important;}&#8221;][vc_column][vc_raw_html]JTNDZGl2JTIwY2xhc3MlM0QlMjJjb250ZW50LWV2ZW50cyUyMiUzRSUwQSUzQ2RpdiUyMGNsYXNzJTNEJTIyZXZlbnRzJTIyJTNFJTBBJTBBJTNDJTJGZGl2JTNFJTBBJTNDJTJGZGl2JTNFJTBBJTNDZGl2JTIwY2xhc3MlM0QlMjJpbmhhbHQtaG9sZGVyJTIyJTNFJTBBJTNDZGl2JTIwY2xhc3MlM0QlMjJpbmhhbHQtaWNvbiUyMiUzRSUzQyUyRmRpdiUzRSUwQSUzQ2RpdiUyMGNsYXNzJTNEJTIyaW5oYWx0JTIyJTNFJTBBJTNDaDIlM0VFdmVudGklM0MlMkZoMiUzRSUwQSUzQ2gzJTNFQkVWQU5ERSUyMEZSRVNDSEUlMjBFJTIwTVVTSUNBJTIwRCVFMiU4MCU5OUFUTU9TRkVSQSUzQyUyRmgzJTNFJTBBJTNDcCUzRUklMjBub3N0cmklMjBudW1lcm9zaSUyMGV2ZW50aSUyMG9mZnJvbm8lMjBsJUUyJTgwJTk5b3Bwb3J0dW5pdCVDMyVBMCUyMGRpJTIwZXZhZGVyZSUyMGRhbGxhJTIwcXVvdGlkaWFuaXQlQzMlQTAlMjB0cm92YW5kbyUyMHVuJTIwcG8lRTIlODAlOTklMjBkaSUyMGRpc3RyYXppb25lLiUyMEluJTIwYWdvc3RvJTJDJTIwcG90cmV0ZSUyMGFzY29sdGFyZSUyMGxhJTIwbXVzaWNhJTIwZGVpJTIwZ3J1cHBpJTIwbG9jYWxpJTIwZHVyYW50ZSUyMGxlJTIwbm9zdHJlJTIwZmlhY2NvbGF0ZSUyMG5vdHR1cm5lJTIwZSUyMGluJTIwaW52ZXJubyUyMGFuZGFyZSUyMGluY29udHJvJTIwYWxsbyUyMHNwaXJpdG8lMjBuYXRhbGl6aW8lMjBjb24lMjB1biUyMHZpbiUyMGJydWwlQzMlQTklMjBmYXR0byUyMGluJTIwY2FzYSUyMG9wcHVyZSUyMGZlc3RlZ2dpYXJlJTIwQ2Fwb2Rhbm5vJTIwaW5zaWVtZSUyMGElMjBub2kuJTNDJTJGcCUzRSUyMCUwOSUwQSUzQyUyRmRpdiUzRSUwQSUzQyUyRmRpdiUzRQ==[\/vc_raw_html][\/vc_column][\/vc_row][vc_row mcw_fp_anchor=&#8221;Catering&#8221; mcw_fp_tooltip=&#8221;Ristorazione&#8221;][vc_column][vc_raw_html]JTNDZGl2JTIwY2xhc3MlM0QlMjJpbmhhbHQtaG9sZGVyJTIyJTNFJTBBJTNDZGl2JTIwY2xhc3MlM0QlMjJpbmhhbHQtaWNvbiUyMiUzRSUzQyUyRmRpdiUzRSUwQSUzQ2RpdiUyMGNsYXNzJTNEJTIyaW5oYWx0JTIyJTNFJTBBJTNDaDIlM0VSaXN0b3JhemlvbmUlM0MlMkZoMiUzRSUwQSUzQ2gzJTNFRkVTVEVHR0lBUkUlMjBJTlNJRU1FJTNDJTJGaDMlM0UlMEElM0NwJTNFQ2klMjBzb25vJTIwbW9tZW50aSUyMG5lbGxhJTIwdml0YSUyMGNoZSUyMGRvdnJlYmJlcm8lMjBlc3NlcmUlMjBjZWxlYnJhdGklMjBpbiUyMG1vZG8lMjBhZGVndWF0by4lMjBOb24lMjBpbXBvcnRhJTIwc2UlMjBzaSUyMHRyYXR0YSUyMGRpJTIwbWF0cmltb25pbyUyQyUyMGNvbXBsZWFubm8lMkMlMjBmZXN0YSUyMGF6aWVuZGFsZSUyMG8lMjBiYXR0ZXNpbW8lMkMlMjBpbCUyMG5vc3RybyUyMHRlYW0lMjBmYXIlQzMlQTAlMjBkZWwlMjBzdW8lMjBtZWdsaW8lMjBwZXIlMjB0cmFzZm9ybWFyZSUyMGlsJTIwdm9zdHJvJTIwZXZlbnRvJTIwaW4lMjB1biVFMiU4MCU5OWVzcGVyaWVuemElMjBpbmRpbWVudGljYWJpbGUlMkMlMjBzY2VnbGllbmRvJTIwaWwlMjBsdW9nbyUyMGFkYXR0byUyMGNvbiUyMGFtb3Jldm9sZSUyMHNlbnNvJTIwcGVyJTIwaSUyMGRldHRhZ2xpJTIwZSUyMGdyYW5kZSUyMGdpb2lhJTIwZGVsJTIwdm9zdHJvJTIwcGFsYXRvLiUzQyUyRnAlM0UlMjAlMDklMEElM0MlMkZkaXYlM0UlMEElM0MlMkZkaXYlM0U=[\/vc_raw_html][rev_slider_vc alias=&#8221;catering&#8221;][\/vc_column][\/vc_row][vc_row full_width=&#8221;stretch_row&#8221; mcw_fp_auto_height=&#8221;on&#8221; mcw_fp_anchor=&#8221;footer&#8221; css=&#8221;.vc_custom_1492113783011{background-color: #544b46 !important;}&#8221;][vc_column][vc_empty_space][vc_row_inner content_placement=&#8221;middle&#8221; el_class=&#8221;footer&#8221;][vc_column_inner width=&#8221;1\/4&#8243;][vc_widget_sidebar sidebar_id=&#8221;sidebar-4&#8243;][\/vc_column_inner][vc_column_inner width=&#8221;1\/4&#8243;][vc_widget_sidebar sidebar_id=&#8221;sidebar-5&#8243;][\/vc_column_inner][vc_column_inner width=&#8221;1\/4&#8243;][vc_widget_sidebar sidebar_id=&#8221;sidebar-6&#8243;][\/vc_column_inner][vc_column_inner width=&#8221;1\/4&#8243;][vc_widget_sidebar sidebar_id=&#8221;sidebar-7&#8243;][\/vc_column_inner][\/vc_row_inner][\/vc_column][\/vc_row]<\/p>\n","protected":false},"author":1,"featured_media":0,"parent":0,"menu_order":0,"comment_status":"closed","ping_status":"closed","template":"no-slider.php","meta":{"_acf_changed":false,"footnotes":""},"class_list":["post-212","page","type-page","status-publish","hentry"],"acf":[],"yoast_head":"<!-- This site is optimized with the Yoast SEO plugin v25.3 - https:\/\/yoast.com\/wordpress\/plugins\/seo\/ -->\n<title>Gartencafe Tonig Bar - Feldthurns, Platz nehmen und entspannen<\/title>\n<meta name=\"description\" content=\"Eintreten und wohlf\u00fchlen im Gartencafe Tonig Bar Feldthurns, bei einem Kaffee oder Eisbecher, zum Fr\u00fchst\u00fcck oder zur Jause.\" \/>\n<meta name=\"robots\" content=\"index, follow, max-snippet:-1, max-image-preview:large, max-video-preview:-1\" \/>\n<link rel=\"canonical\" href=\"https:\/\/tonigbar.it\/\" \/>\n<meta property=\"og:locale\" content=\"it_IT\" \/>\n<meta property=\"og:type\" content=\"article\" \/>\n<meta property=\"og:title\" content=\"[:de]Gartencafe Tonig Bar - Feldthurns, Platz nehmen und entspannen[:]\" \/>\n<meta property=\"og:description\" content=\"{:de}Eintreten und wohlf\u00fchlen im Gartencafe Tonig Bar Feldthurns, bei einem Kaffee oder Eisbecher, zum Fr\u00fchst\u00fcck oder zur Jause. {:}\" \/>\n<meta property=\"og:url\" content=\"https:\/\/tonigbar.it\/\" \/>\n<meta property=\"og:site_name\" content=\"Gartencafe Tonig Bar\" \/>\n<meta property=\"article:modified_time\" content=\"2026-03-30T19:16:40+00:00\" \/>\n<meta name=\"twitter:card\" content=\"summary_large_image\" \/>\n<meta name=\"twitter:label1\" content=\"Tempo di lettura stimato\" \/>\n\t<meta name=\"twitter:data1\" content=\"1 minuto\" \/>\n<script type=\"application\/ld+json\" class=\"yoast-schema-graph\">{\"@context\":\"https:\/\/schema.org\",\"@graph\":[{\"@type\":\"WebPage\",\"@id\":\"https:\/\/tonigbar.it\/\",\"url\":\"https:\/\/tonigbar.it\/\",\"name\":\"[:de]Gartencafe Tonig Bar - Feldthurns, Platz nehmen und entspannen[:]\",\"isPartOf\":{\"@id\":\"https:\/\/tonigbar.it\/#website\"},\"datePublished\":\"2017-04-13T07:42:47+00:00\",\"dateModified\":\"2026-03-30T19:16:40+00:00\",\"description\":\"{:de}Eintreten und wohlf\u00fchlen im Gartencafe Tonig Bar Feldthurns, bei einem Kaffee oder Eisbecher, zum Fr\u00fchst\u00fcck oder zur Jause. {:}\",\"breadcrumb\":{\"@id\":\"https:\/\/tonigbar.it\/#breadcrumb\"},\"inLanguage\":\"it-IT\",\"potentialAction\":[{\"@type\":\"ReadAction\",\"target\":[\"https:\/\/tonigbar.it\/\"]}]},{\"@type\":\"BreadcrumbList\",\"@id\":\"https:\/\/tonigbar.it\/#breadcrumb\",\"itemListElement\":[{\"@type\":\"ListItem\",\"position\":1,\"name\":\"Home\",\"item\":\"https:\/\/tonigbar.it\/\"},{\"@type\":\"ListItem\",\"position\":2,\"name\":\"Startseite\"}]},{\"@type\":\"WebSite\",\"@id\":\"https:\/\/tonigbar.it\/#website\",\"url\":\"https:\/\/tonigbar.it\/\",\"name\":\"Gartencafe Tonig Bar\",\"description\":\"Eine weitere WordPress-Seite\",\"potentialAction\":[{\"@type\":\"SearchAction\",\"target\":{\"@type\":\"EntryPoint\",\"urlTemplate\":\"https:\/\/tonigbar.it\/?s={search_term_string}\"},\"query-input\":{\"@type\":\"PropertyValueSpecification\",\"valueRequired\":true,\"valueName\":\"search_term_string\"}}],\"inLanguage\":\"it-IT\"}]}<\/script>\n<!-- \/ Yoast SEO plugin. -->","yoast_head_json":{"title":"Gartencafe Tonig Bar - Feldthurns, Platz nehmen und entspannen","description":"Eintreten und wohlf\u00fchlen im Gartencafe Tonig Bar Feldthurns, bei einem Kaffee oder Eisbecher, zum Fr\u00fchst\u00fcck oder zur Jause.","robots":{"index":"index","follow":"follow","max-snippet":"max-snippet:-1","max-image-preview":"max-image-preview:large","max-video-preview":"max-video-preview:-1"},"canonical":"https:\/\/tonigbar.it\/","og_locale":"it_IT","og_type":"article","og_title":"[:de]Gartencafe Tonig Bar - Feldthurns, Platz nehmen und entspannen[:]","og_description":"{:de}Eintreten und wohlf\u00fchlen im Gartencafe Tonig Bar Feldthurns, bei einem Kaffee oder Eisbecher, zum Fr\u00fchst\u00fcck oder zur Jause. {:}","og_url":"https:\/\/tonigbar.it\/","og_site_name":"Gartencafe Tonig Bar","article_modified_time":"2026-03-30T19:16:40+00:00","twitter_card":"summary_large_image","twitter_misc":{"Tempo di lettura stimato":"1 minuto"},"schema":{"@context":"https:\/\/schema.org","@graph":[{"@type":"WebPage","@id":"https:\/\/tonigbar.it\/","url":"https:\/\/tonigbar.it\/","name":"[:de]Gartencafe Tonig Bar - Feldthurns, Platz nehmen und entspannen[:]","isPartOf":{"@id":"https:\/\/tonigbar.it\/#website"},"datePublished":"2017-04-13T07:42:47+00:00","dateModified":"2026-03-30T19:16:40+00:00","description":"{:de}Eintreten und wohlf\u00fchlen im Gartencafe Tonig Bar Feldthurns, bei einem Kaffee oder Eisbecher, zum Fr\u00fchst\u00fcck oder zur Jause. {:}","breadcrumb":{"@id":"https:\/\/tonigbar.it\/#breadcrumb"},"inLanguage":"it-IT","potentialAction":[{"@type":"ReadAction","target":["https:\/\/tonigbar.it\/"]}]},{"@type":"BreadcrumbList","@id":"https:\/\/tonigbar.it\/#breadcrumb","itemListElement":[{"@type":"ListItem","position":1,"name":"Home","item":"https:\/\/tonigbar.it\/"},{"@type":"ListItem","position":2,"name":"Startseite"}]},{"@type":"WebSite","@id":"https:\/\/tonigbar.it\/#website","url":"https:\/\/tonigbar.it\/","name":"Gartencafe Tonig Bar","description":"Eine weitere WordPress-Seite","potentialAction":[{"@type":"SearchAction","target":{"@type":"EntryPoint","urlTemplate":"https:\/\/tonigbar.it\/?s={search_term_string}"},"query-input":{"@type":"PropertyValueSpecification","valueRequired":true,"valueName":"search_term_string"}}],"inLanguage":"it-IT"}]}},"_links":{"self":[{"href":"https:\/\/tonigbar.it\/it\/wp-json\/wp\/v2\/pages\/212","targetHints":{"allow":["GET"]}}],"collection":[{"href":"https:\/\/tonigbar.it\/it\/wp-json\/wp\/v2\/pages"}],"about":[{"href":"https:\/\/tonigbar.it\/it\/wp-json\/wp\/v2\/types\/page"}],"author":[{"embeddable":true,"href":"https:\/\/tonigbar.it\/it\/wp-json\/wp\/v2\/users\/1"}],"replies":[{"embeddable":true,"href":"https:\/\/tonigbar.it\/it\/wp-json\/wp\/v2\/comments?post=212"}],"version-history":[{"count":69,"href":"https:\/\/tonigbar.it\/it\/wp-json\/wp\/v2\/pages\/212\/revisions"}],"predecessor-version":[{"id":335,"href":"https:\/\/tonigbar.it\/it\/wp-json\/wp\/v2\/pages\/212\/revisions\/335"}],"wp:attachment":[{"href":"https:\/\/tonigbar.it\/it\/wp-json\/wp\/v2\/media?parent=212"}],"curies":[{"name":"wp","href":"https:\/\/api.w.org\/{rel}","templated":true}]}}